{"id":135,"date":"2024-02-06T17:25:32","date_gmt":"2024-02-06T17:25:32","guid":{"rendered":"https:\/\/playabeachclub.com\/?page_id=135"},"modified":"2024-08-27T13:56:31","modified_gmt":"2024-08-27T13:56:31","slug":"nosso-time","status":"publish","type":"page","link":"https:\/\/playabeachclub.com\/pt\/our-team\/","title":{"rendered":"Nosso time"},"content":{"rendered":"\t\t<div data-elementor-type=\"wp-page\" data-elementor-id=\"135\" class=\"elementor elementor-135\" data-elementor-post-type=\"page\">\n\t\t\t\t<div class=\"elementor-element elementor-element-42e6ccc e-flex e-con-boxed e-con e-parent\" data-id=\"42e6ccc\" data-element_type=\"container\" data-e-type=\"container\" data-settings=\"{&quot;background_background&quot;:&quot;classic&quot;}\">\n\t\t\t\t\t<div class=\"e-con-inner\">\n\t\t\t\t<div class=\"elementor-element elementor-element-2cf3be1 animated-slow elementor-invisible elementor-widget elementor-widget-heading\" data-id=\"2cf3be1\" data-element_type=\"widget\" data-e-type=\"widget\" data-settings=\"{&quot;_animation&quot;:&quot;fadeInDown&quot;,&quot;_animation_delay&quot;:300}\" data-widget_type=\"heading.default\">\n\t\t\t\t<div class=\"elementor-widget-container\">\n\t\t\t\t\t<h1 class=\"elementor-heading-title elementor-size-default\">Our Team<\/h1>\t\t\t\t<\/div>\n\t\t\t\t<\/div>\n\t\t\t\t\t<\/div>\n\t\t\t\t<\/div>\n\t\t\t\t<section class=\"elementor-section elementor-top-section elementor-element elementor-element-fea7802 elementor-section-full_width elementor-section-content-middle elementor-reverse-tablet elementor-reverse-mobile elementor-section-height-default elementor-section-height-default\" data-id=\"fea7802\" data-element_type=\"section\" data-e-type=\"section\">\n\t\t\t\t\t\t<div class=\"elementor-container elementor-column-gap-no\">\n\t\t\t\t\t<div class=\"elementor-column elementor-col-50 elementor-top-column elementor-element elementor-element-25c9423\" data-id=\"25c9423\" data-element_type=\"column\" data-e-type=\"column\">\n\t\t\t<div class=\"elementor-widget-wrap elementor-element-populated\">\n\t\t\t\t\t\t<div class=\"elementor-element elementor-element-279779f elementor-widget elementor-widget-image\" data-id=\"279779f\" data-element_type=\"widget\" data-e-type=\"widget\" data-widget_type=\"image.default\">\n\t\t\t\t<div class=\"elementor-widget-container\">\n\t\t\t\t\t\t\t\t\t\t\t\t\t\t\t<img fetchpriority=\"high\" decoding=\"async\" width=\"1750\" height=\"1401\" src=\"https:\/\/playabeachclub.com\/wp-content\/uploads\/2024\/02\/smiley-volunteers-posing-helping-center.jpg\" class=\"attachment-full size-full wp-image-593\" alt=\"\" srcset=\"https:\/\/playabeachclub.com\/wp-content\/uploads\/2024\/02\/smiley-volunteers-posing-helping-center.jpg 1750w, https:\/\/playabeachclub.com\/wp-content\/uploads\/2024\/02\/smiley-volunteers-posing-helping-center-300x240.jpg 300w, https:\/\/playabeachclub.com\/wp-content\/uploads\/2024\/02\/smiley-volunteers-posing-helping-center-1024x820.jpg 1024w, https:\/\/playabeachclub.com\/wp-content\/uploads\/2024\/02\/smiley-volunteers-posing-helping-center-768x615.jpg 768w, https:\/\/playabeachclub.com\/wp-content\/uploads\/2024\/02\/smiley-volunteers-posing-helping-center-1536x1230.jpg 1536w, https:\/\/playabeachclub.com\/wp-content\/uploads\/2024\/02\/smiley-volunteers-posing-helping-center-15x12.jpg 15w\" sizes=\"(max-width: 1750px) 100vw, 1750px\" \/>\t\t\t\t\t\t\t\t\t\t\t\t\t\t\t<\/div>\n\t\t\t\t<\/div>\n\t\t\t\t\t<\/div>\n\t\t<\/div>\n\t\t\t\t<div class=\"elementor-column elementor-col-50 elementor-top-column elementor-element elementor-element-e83097d\" data-id=\"e83097d\" data-element_type=\"column\" data-e-type=\"column\">\n\t\t\t<div class=\"elementor-widget-wrap elementor-element-populated\">\n\t\t\t\t\t\t<div class=\"elementor-element elementor-element-78be916 elementor-invisible elementor-widget elementor-widget-heading\" data-id=\"78be916\" data-element_type=\"widget\" data-e-type=\"widget\" data-settings=\"{&quot;_animation&quot;:&quot;fadeIn&quot;}\" data-widget_type=\"heading.default\">\n\t\t\t\t<div class=\"elementor-widget-container\">\n\t\t\t\t\t<h3 class=\"elementor-heading-title elementor-size-default\">Meet Our Team<\/h3>\t\t\t\t<\/div>\n\t\t\t\t<\/div>\n\t\t\t\t<div class=\"elementor-element elementor-element-f880100 elementor-invisible elementor-widget elementor-widget-text-editor\" data-id=\"f880100\" data-element_type=\"widget\" data-e-type=\"widget\" data-settings=\"{&quot;_animation&quot;:&quot;fadeInDown&quot;,&quot;_animation_delay&quot;:300}\" data-widget_type=\"text-editor.default\">\n\t\t\t\t<div class=\"elementor-widget-container\">\n\t\t\t\t\t\t\t\t\tWe know that a facility like Playa Beach Club is only as good as its staff, which is why we ensure our attendants are as passionate about people as they are about the beach lifestyle. Whether you are lounging at the pool bar, checking out the cabanas, playing volleyball, or dancing the night away, our friendly, knowledgeable staff is there to assist with any of your needs and provide informed tips and advice. We love Punta Kalki\u2014many of us grew up swimming in this cove\u2014so it is only natural for us to want to share our home with you. Feel free to approach and chat with our staff whenever the urge hits. We are confident that you\u2019ll find their smiles to be as beautiful and brilliant as the shimmering sand out front.\t\t\t\t\t\t\t\t<\/div>\n\t\t\t\t<\/div>\n\t\t\t\t<div class=\"elementor-element elementor-element-ebaec60 elementor-widget__width-initial elementor-absolute elementor-widget-mobile__width-initial elementor-hidden-tablet elementor-hidden-mobile elementor-widget elementor-widget-image\" data-id=\"ebaec60\" data-element_type=\"widget\" data-e-type=\"widget\" data-settings=\"{&quot;_position&quot;:&quot;absolute&quot;,&quot;motion_fx_motion_fx_scrolling&quot;:&quot;yes&quot;,&quot;motion_fx_translateX_effect&quot;:&quot;yes&quot;,&quot;motion_fx_translateX_direction&quot;:&quot;negative&quot;,&quot;motion_fx_translateX_speed&quot;:{&quot;unit&quot;:&quot;px&quot;,&quot;size&quot;:5,&quot;sizes&quot;:[]},&quot;motion_fx_translateX_affectedRange&quot;:{&quot;unit&quot;:&quot;%&quot;,&quot;size&quot;:&quot;&quot;,&quot;sizes&quot;:{&quot;start&quot;:0,&quot;end&quot;:100}},&quot;motion_fx_devices&quot;:[&quot;desktop&quot;,&quot;laptop&quot;,&quot;tablet&quot;,&quot;mobile&quot;]}\" data-widget_type=\"image.default\">\n\t\t\t\t<div class=\"elementor-widget-container\">\n\t\t\t\t\t\t\t\t\t\t\t\t\t\t\t<img decoding=\"async\" width=\"800\" height=\"716\" src=\"https:\/\/playabeachclub.com\/wp-content\/uploads\/2024\/02\/shape-3.png\" class=\"attachment-large size-large wp-image-49\" alt=\"\" srcset=\"https:\/\/playabeachclub.com\/wp-content\/uploads\/2024\/02\/shape-3.png 838w, https:\/\/playabeachclub.com\/wp-content\/uploads\/2024\/02\/shape-3-300x268.png 300w, https:\/\/playabeachclub.com\/wp-content\/uploads\/2024\/02\/shape-3-768x687.png 768w, https:\/\/playabeachclub.com\/wp-content\/uploads\/2024\/02\/shape-3-13x12.png 13w\" sizes=\"(max-width: 800px) 100vw, 800px\" \/>\t\t\t\t\t\t\t\t\t\t\t\t\t\t\t<\/div>\n\t\t\t\t<\/div>\n\t\t\t\t<div class=\"elementor-element elementor-element-eea43d0 elementor-mobile-align-center elementor-align-left elementor-tablet-align-center elementor-invisible elementor-widget elementor-widget-button\" data-id=\"eea43d0\" data-element_type=\"widget\" data-e-type=\"widget\" data-settings=\"{&quot;_animation&quot;:&quot;fadeInDown&quot;,&quot;_animation_delay&quot;:600}\" data-widget_type=\"button.default\">\n\t\t\t\t<div class=\"elementor-widget-container\">\n\t\t\t\t\t\t\t\t\t<div class=\"elementor-button-wrapper\">\n\t\t\t\t\t<a class=\"elementor-button elementor-button-link elementor-size-sm elementor-animation-wobble-horizontal\" href=\"https:\/\/playabeachclub.com\/contact\/\">\n\t\t\t\t\t\t<span class=\"elementor-button-content-wrapper\">\n\t\t\t\t\t\t<span class=\"elementor-button-icon\">\n\t\t\t\t<svg xmlns=\"http:\/\/www.w3.org\/2000\/svg\" viewBox=\"0 0 32 32\"><title><\/title><g data-name=\"Layer 2\" id=\"Layer_2\"><path d=\"M22,9a1,1,0,0,0,0,1.42l4.6,4.6H3.06a1,1,0,1,0,0,2H26.58L22,21.59A1,1,0,0,0,22,23a1,1,0,0,0,1.41,0l6.36-6.36a.88.88,0,0,0,0-1.27L23.42,9A1,1,0,0,0,22,9Z\"><\/path><\/g><\/svg>\t\t\t<\/span>\n\t\t\t\t\t\t\t\t\t<span class=\"elementor-button-text\">Contact Us Today<\/span>\n\t\t\t\t\t<\/span>\n\t\t\t\t\t<\/a>\n\t\t\t\t<\/div>\n\t\t\t\t\t\t\t\t<\/div>\n\t\t\t\t<\/div>\n\t\t\t\t\t<\/div>\n\t\t<\/div>\n\t\t\t\t\t<\/div>\n\t\t<\/section>\n\t\t\t\t<\/div>\n\t\t","protected":false},"excerpt":{"rendered":"<p>Meet Our Team We know that a facility like Playa Beach Club is only as good as its staff, which is why we ensure our attendants are as passionate about people as they are about the beach lifestyle. Whether you are lounging at the pool bar, checking out the cabanas, playing volleyball, or dancing the [&hellip;]<\/p>\n","protected":false},"author":1,"featured_media":0,"parent":0,"menu_order":0,"comment_status":"closed","ping_status":"closed","template":"elementor_header_footer","meta":{"footnotes":""},"class_list":["post-135","page","type-page","status-publish","hentry"],"yoast_head":"<!-- This site is optimized with the Yoast SEO plugin v27.5 - https:\/\/yoast.com\/product\/yoast-seo-wordpress\/ -->\n<title>Our Team - Playa Beach Club Curacao<\/title>\n<meta name=\"description\" content=\"Our knowledgeable staff is there to assist with any of your needs and provide informed tips and advice.\" \/>\n<meta name=\"robots\" content=\"index, follow, max-snippet:-1, max-image-preview:large, max-video-preview:-1\" \/>\n<link rel=\"canonical\" href=\"https:\/\/playabeachclub.com\/pt\/nosso-time\/\" \/>\n<meta property=\"og:locale\" content=\"pt_PT\" \/>\n<meta property=\"og:type\" content=\"article\" \/>\n<meta property=\"og:title\" content=\"Our Team - Playa Beach Club Curacao\" \/>\n<meta property=\"og:description\" content=\"Our knowledgeable staff is there to assist with any of your needs and provide informed tips and advice.\" \/>\n<meta property=\"og:url\" content=\"https:\/\/playabeachclub.com\/pt\/nosso-time\/\" \/>\n<meta property=\"og:site_name\" content=\"Playa beach club\" \/>\n<meta property=\"article:modified_time\" content=\"2024-08-27T13:56:31+00:00\" \/>\n<meta property=\"og:image\" content=\"https:\/\/playabeachclub.com\/wp-content\/uploads\/2024\/02\/smiley-volunteers-posing-helping-center.jpg\" \/>\n<meta name=\"twitter:card\" content=\"summary_large_image\" \/>\n<meta name=\"twitter:label1\" content=\"Tempo estimado de leitura\" \/>\n\t<meta name=\"twitter:data1\" content=\"2 minutos\" \/>\n<script type=\"application\/ld+json\" class=\"yoast-schema-graph\">{\"@context\":\"https:\\\/\\\/schema.org\",\"@graph\":[{\"@type\":\"WebPage\",\"@id\":\"https:\\\/\\\/playabeachclub.com\\\/our-team\\\/\",\"url\":\"https:\\\/\\\/playabeachclub.com\\\/our-team\\\/\",\"name\":\"Our Team - Playa Beach Club Curacao\",\"isPartOf\":{\"@id\":\"https:\\\/\\\/playabeachclub.com\\\/#website\"},\"primaryImageOfPage\":{\"@id\":\"https:\\\/\\\/playabeachclub.com\\\/our-team\\\/#primaryimage\"},\"image\":{\"@id\":\"https:\\\/\\\/playabeachclub.com\\\/our-team\\\/#primaryimage\"},\"thumbnailUrl\":\"https:\\\/\\\/playabeachclub.com\\\/wp-content\\\/uploads\\\/2024\\\/02\\\/smiley-volunteers-posing-helping-center.jpg\",\"datePublished\":\"2024-02-06T17:25:32+00:00\",\"dateModified\":\"2024-08-27T13:56:31+00:00\",\"description\":\"Our knowledgeable staff is there to assist with any of your needs and provide informed tips and advice.\",\"breadcrumb\":{\"@id\":\"https:\\\/\\\/playabeachclub.com\\\/our-team\\\/#breadcrumb\"},\"inLanguage\":\"pt-PT\",\"potentialAction\":[{\"@type\":\"ReadAction\",\"target\":[\"https:\\\/\\\/playabeachclub.com\\\/our-team\\\/\"]}]},{\"@type\":\"ImageObject\",\"inLanguage\":\"pt-PT\",\"@id\":\"https:\\\/\\\/playabeachclub.com\\\/our-team\\\/#primaryimage\",\"url\":\"https:\\\/\\\/playabeachclub.com\\\/wp-content\\\/uploads\\\/2024\\\/02\\\/smiley-volunteers-posing-helping-center.jpg\",\"contentUrl\":\"https:\\\/\\\/playabeachclub.com\\\/wp-content\\\/uploads\\\/2024\\\/02\\\/smiley-volunteers-posing-helping-center.jpg\"},{\"@type\":\"BreadcrumbList\",\"@id\":\"https:\\\/\\\/playabeachclub.com\\\/our-team\\\/#breadcrumb\",\"itemListElement\":[{\"@type\":\"ListItem\",\"position\":1,\"name\":\"Home\",\"item\":\"https:\\\/\\\/playabeachclub.com\\\/\"},{\"@type\":\"ListItem\",\"position\":2,\"name\":\"Our Team\"}]},{\"@type\":\"WebSite\",\"@id\":\"https:\\\/\\\/playabeachclub.com\\\/#website\",\"url\":\"https:\\\/\\\/playabeachclub.com\\\/\",\"name\":\"Playa beach club\",\"description\":\"\",\"potentialAction\":[{\"@type\":\"SearchAction\",\"target\":{\"@type\":\"EntryPoint\",\"urlTemplate\":\"https:\\\/\\\/playabeachclub.com\\\/?s={search_term_string}\"},\"query-input\":{\"@type\":\"PropertyValueSpecification\",\"valueRequired\":true,\"valueName\":\"search_term_string\"}}],\"inLanguage\":\"pt-PT\"}]}<\/script>\n<!-- \/ Yoast SEO plugin. -->","yoast_head_json":{"title":"Nossa equipe - Playa Beach Club Cura\u00e7ao","description":"Nossa equipe experiente est\u00e1 dispon\u00edvel para ajudar com qualquer uma de suas necessidades e fornecer dicas e conselhos informados.","robots":{"index":"index","follow":"follow","max-snippet":"max-snippet:-1","max-image-preview":"max-image-preview:large","max-video-preview":"max-video-preview:-1"},"canonical":"https:\/\/playabeachclub.com\/pt\/nosso-time\/","og_locale":"pt_PT","og_type":"article","og_title":"Our Team - Playa Beach Club Curacao","og_description":"Our knowledgeable staff is there to assist with any of your needs and provide informed tips and advice.","og_url":"https:\/\/playabeachclub.com\/pt\/nosso-time\/","og_site_name":"Playa beach club","article_modified_time":"2024-08-27T13:56:31+00:00","og_image":[{"url":"https:\/\/playabeachclub.com\/wp-content\/uploads\/2024\/02\/smiley-volunteers-posing-helping-center.jpg","type":"","width":"","height":""}],"twitter_card":"summary_large_image","twitter_misc":{"Tempo estimado de leitura":"2 minutos"},"schema":{"@context":"https:\/\/schema.org","@graph":[{"@type":"WebPage","@id":"https:\/\/playabeachclub.com\/our-team\/","url":"https:\/\/playabeachclub.com\/our-team\/","name":"Nossa equipe - Playa Beach Club Cura\u00e7ao","isPartOf":{"@id":"https:\/\/playabeachclub.com\/#website"},"primaryImageOfPage":{"@id":"https:\/\/playabeachclub.com\/our-team\/#primaryimage"},"image":{"@id":"https:\/\/playabeachclub.com\/our-team\/#primaryimage"},"thumbnailUrl":"https:\/\/playabeachclub.com\/wp-content\/uploads\/2024\/02\/smiley-volunteers-posing-helping-center.jpg","datePublished":"2024-02-06T17:25:32+00:00","dateModified":"2024-08-27T13:56:31+00:00","description":"Nossa equipe experiente est\u00e1 dispon\u00edvel para ajudar com qualquer uma de suas necessidades e fornecer dicas e conselhos informados.","breadcrumb":{"@id":"https:\/\/playabeachclub.com\/our-team\/#breadcrumb"},"inLanguage":"pt-PT","potentialAction":[{"@type":"ReadAction","target":["https:\/\/playabeachclub.com\/our-team\/"]}]},{"@type":"ImageObject","inLanguage":"pt-PT","@id":"https:\/\/playabeachclub.com\/our-team\/#primaryimage","url":"https:\/\/playabeachclub.com\/wp-content\/uploads\/2024\/02\/smiley-volunteers-posing-helping-center.jpg","contentUrl":"https:\/\/playabeachclub.com\/wp-content\/uploads\/2024\/02\/smiley-volunteers-posing-helping-center.jpg"},{"@type":"BreadcrumbList","@id":"https:\/\/playabeachclub.com\/our-team\/#breadcrumb","itemListElement":[{"@type":"ListItem","position":1,"name":"Home","item":"https:\/\/playabeachclub.com\/"},{"@type":"ListItem","position":2,"name":"Our Team"}]},{"@type":"WebSite","@id":"https:\/\/playabeachclub.com\/#website","url":"https:\/\/playabeachclub.com\/","name":"Clube de praia Playa","description":"","potentialAction":[{"@type":"SearchAction","target":{"@type":"EntryPoint","urlTemplate":"https:\/\/playabeachclub.com\/?s={search_term_string}"},"query-input":{"@type":"PropertyValueSpecification","valueRequired":true,"valueName":"search_term_string"}}],"inLanguage":"pt-PT"}]}},"_links":{"self":[{"href":"https:\/\/playabeachclub.com\/pt\/wp-json\/wp\/v2\/pages\/135","targetHints":{"allow":["GET"]}}],"collection":[{"href":"https:\/\/playabeachclub.com\/pt\/wp-json\/wp\/v2\/pages"}],"about":[{"href":"https:\/\/playabeachclub.com\/pt\/wp-json\/wp\/v2\/types\/page"}],"author":[{"embeddable":true,"href":"https:\/\/playabeachclub.com\/pt\/wp-json\/wp\/v2\/users\/1"}],"replies":[{"embeddable":true,"href":"https:\/\/playabeachclub.com\/pt\/wp-json\/wp\/v2\/comments?post=135"}],"version-history":[{"count":53,"href":"https:\/\/playabeachclub.com\/pt\/wp-json\/wp\/v2\/pages\/135\/revisions"}],"predecessor-version":[{"id":1672,"href":"https:\/\/playabeachclub.com\/pt\/wp-json\/wp\/v2\/pages\/135\/revisions\/1672"}],"wp:attachment":[{"href":"https:\/\/playabeachclub.com\/pt\/wp-json\/wp\/v2\/media?parent=135"}],"curies":[{"name":"wp","href":"https:\/\/api.w.org\/{rel}","templated":true}]}}